{"id":242,"date":"2024-03-20T13:43:28","date_gmt":"2024-03-20T13:43:28","guid":{"rendered":"https:\/\/restaurant-felicilli.fr\/?page_id=242"},"modified":"2024-04-15T15:24:58","modified_gmt":"2024-04-15T15:24:58","slug":"la-carte-sur-place","status":"publish","type":"page","link":"https:\/\/restaurant-felicilli.fr\/?page_id=242","title":{"rendered":"La carte sur place"},"content":{"rendered":"\t\t<div data-elementor-type=\"wp-page\" data-elementor-id=\"242\" class=\"elementor elementor-242\">\n\t\t\t\t\t\t<section class=\"elementor-section elementor-top-section elementor-element elementor-element-6ed34f8a elementor-section-height-min-height elementor-section-boxed elementor-section-height-default elementor-section-items-middle\" data-id=\"6ed34f8a\" data-element_type=\"section\" data-settings=\"{&quot;background_background&quot;:&quot;classic&quot;}\">\n\t\t\t\t\t\t\t<div class=\"elementor-background-overlay\"><\/div>\n\t\t\t\t\t\t\t<div class=\"elementor-container elementor-column-gap-no\">\n\t\t\t\t\t<div class=\"elementor-column elementor-col-100 elementor-top-column elementor-element elementor-element-66423eeb\" data-id=\"66423eeb\" data-element_type=\"column\">\n\t\t\t<div class=\"elementor-widget-wrap elementor-element-populated\">\n\t\t\t\t\t\t<section class=\"elementor-section elementor-inner-section elementor-element elementor-element-cc2a31c elementor-section-content-middle elementor-section-boxed elementor-section-height-default elementor-section-height-default\" data-id=\"cc2a31c\" data-element_type=\"section\">\n\t\t\t\t\t\t<div class=\"elementor-container elementor-column-gap-wider\">\n\t\t\t\t\t<div class=\"elementor-column elementor-col-100 elementor-inner-column elementor-element elementor-element-62ac2ec\" data-id=\"62ac2ec\" data-element_type=\"column\" data-settings=\"{&quot;background_background&quot;:&quot;classic&quot;}\">\n\t\t\t<div class=\"elementor-widget-wrap elementor-element-populated\">\n\t\t\t\t\t\t<div class=\"elementor-element elementor-element-7ed24239 elementor-invisible elementor-widget elementor-widget-heading\" data-id=\"7ed24239\" data-element_type=\"widget\" data-settings=\"{&quot;_animation&quot;:&quot;fadeIn&quot;,&quot;_animation_delay&quot;:100}\" data-widget_type=\"heading.default\">\n\t\t\t\t<div class=\"elementor-widget-container\">\n\t\t\t<h1 class=\"elementor-heading-title elementor-size-default\">LA carte &amp; Les boissons<\/h1>\t\t<\/div>\n\t\t\t\t<\/div>\n\t\t\t\t\t<\/div>\n\t\t<\/div>\n\t\t\t\t\t<\/div>\n\t\t<\/section>\n\t\t\t\t\t<\/div>\n\t\t<\/div>\n\t\t\t\t\t<\/div>\n\t\t<\/section>\n\t\t<div class=\"elementor-element elementor-element-4c24890 e-con-full e-flex e-con e-parent\" data-id=\"4c24890\" data-element_type=\"container\" data-settings=\"{&quot;background_background&quot;:&quot;classic&quot;}\">\n\t\t\t\t<div class=\"elementor-element elementor-element-98789fc elementor-widget elementor-widget-image\" data-id=\"98789fc\" data-element_type=\"widget\" data-widget_type=\"image.default\">\n\t\t\t\t<div class=\"elementor-widget-container\">\n\t\t\t\t\t\t\t\t\t\t\t\t\t<img fetchpriority=\"high\" decoding=\"async\" width=\"1448\" height=\"2048\" src=\"https:\/\/restaurant-felicilli.fr\/wp-content\/uploads\/2024\/03\/Carte-Felicilli-1448x2048.png\" class=\"attachment-2048x2048 size-2048x2048 wp-image-240\" alt=\"\" srcset=\"https:\/\/restaurant-felicilli.fr\/wp-content\/uploads\/2024\/03\/Carte-Felicilli-1448x2048.png 1448w, https:\/\/restaurant-felicilli.fr\/wp-content\/uploads\/2024\/03\/Carte-Felicilli-212x300.png 212w, https:\/\/restaurant-felicilli.fr\/wp-content\/uploads\/2024\/03\/Carte-Felicilli-724x1024.png 724w, https:\/\/restaurant-felicilli.fr\/wp-content\/uploads\/2024\/03\/Carte-Felicilli-768x1086.png 768w, https:\/\/restaurant-felicilli.fr\/wp-content\/uploads\/2024\/03\/Carte-Felicilli-1086x1536.png 1086w\" sizes=\"(max-width: 1448px) 100vw, 1448px\" \/>\t\t\t\t\t\t\t\t\t\t\t\t\t<\/div>\n\t\t\t\t<\/div>\n\t\t\t\t<div class=\"elementor-element elementor-element-decd047 elementor-widget elementor-widget-image\" data-id=\"decd047\" data-element_type=\"widget\" data-widget_type=\"image.default\">\n\t\t\t\t<div class=\"elementor-widget-container\">\n\t\t\t\t\t\t\t\t\t\t\t\t\t<img decoding=\"async\" width=\"1448\" height=\"2048\" src=\"https:\/\/restaurant-felicilli.fr\/wp-content\/uploads\/2024\/03\/Boissons-Felicilli-1448x2048.png\" class=\"attachment-2048x2048 size-2048x2048 wp-image-239\" alt=\"\" srcset=\"https:\/\/restaurant-felicilli.fr\/wp-content\/uploads\/2024\/03\/Boissons-Felicilli-1448x2048.png 1448w, https:\/\/restaurant-felicilli.fr\/wp-content\/uploads\/2024\/03\/Boissons-Felicilli-212x300.png 212w, https:\/\/restaurant-felicilli.fr\/wp-content\/uploads\/2024\/03\/Boissons-Felicilli-724x1024.png 724w, https:\/\/restaurant-felicilli.fr\/wp-content\/uploads\/2024\/03\/Boissons-Felicilli-768x1086.png 768w, https:\/\/restaurant-felicilli.fr\/wp-content\/uploads\/2024\/03\/Boissons-Felicilli-1086x1536.png 1086w\" sizes=\"(max-width: 1448px) 100vw, 1448px\" \/>\t\t\t\t\t\t\t\t\t\t\t\t\t<\/div>\n\t\t\t\t<\/div>\n\t\t\t\t<\/div>\n\t\t\t\t<\/div>\n\t\t","protected":false},"excerpt":{"rendered":"<p>LA carte &#038; Les boissons<\/p>\n","protected":false},"author":1,"featured_media":240,"parent":0,"menu_order":0,"comment_status":"closed","ping_status":"closed","template":"","meta":{"footnotes":""},"class_list":["post-242","page","type-page","status-publish","has-post-thumbnail","hentry"],"yoast_head":"<!-- This site is optimized with the Yoast SEO plugin v23.8 - https:\/\/yoast.com\/wordpress\/plugins\/seo\/ -->\n<title>La carte sur place - FELICILLI SECLIN<\/title>\n<meta name=\"description\" content=\"Notre carte vari\u00e9e offre une s\u00e9lection all\u00e9chante pour tous les go\u00fbts, des amateurs de salades aux passionn\u00e9s de hamburgers, des...\" \/>\n<meta name=\"robots\" content=\"index, follow, max-snippet:-1, max-image-preview:large, max-video-preview:-1\" \/>\n<link rel=\"canonical\" href=\"https:\/\/restaurant-felicilli.fr\/?page_id=242\" \/>\n<meta property=\"og:locale\" content=\"fr_FR\" \/>\n<meta property=\"og:type\" content=\"article\" \/>\n<meta property=\"og:title\" content=\"La carte sur place - FELICILLI SECLIN\" \/>\n<meta property=\"og:description\" content=\"Notre carte vari\u00e9e offre une s\u00e9lection all\u00e9chante pour tous les go\u00fbts, des amateurs de salades aux passionn\u00e9s de hamburgers, des...\" \/>\n<meta property=\"og:url\" content=\"https:\/\/restaurant-felicilli.fr\/?page_id=242\" \/>\n<meta property=\"og:site_name\" content=\"FELICILLI SECLIN\" \/>\n<meta property=\"article:modified_time\" content=\"2024-04-15T15:24:58+00:00\" \/>\n<meta property=\"og:image\" content=\"https:\/\/restaurant-felicilli.fr\/wp-content\/uploads\/2024\/03\/Carte-Felicilli.png\" \/>\n\t<meta property=\"og:image:width\" content=\"2481\" \/>\n\t<meta property=\"og:image:height\" content=\"3508\" \/>\n\t<meta property=\"og:image:type\" content=\"image\/png\" \/>\n<meta name=\"twitter:card\" content=\"summary_large_image\" \/>\n<meta name=\"twitter:label1\" content=\"Dur\u00e9e de lecture estim\u00e9e\" \/>\n\t<meta name=\"twitter:data1\" content=\"1 minute\" \/>\n<script type=\"application\/ld+json\" class=\"yoast-schema-graph\">{\"@context\":\"https:\/\/schema.org\",\"@graph\":[{\"@type\":\"WebPage\",\"@id\":\"https:\/\/restaurant-felicilli.fr\/?page_id=242\",\"url\":\"https:\/\/restaurant-felicilli.fr\/?page_id=242\",\"name\":\"La carte sur place - FELICILLI SECLIN\",\"isPartOf\":{\"@id\":\"https:\/\/restaurant-felicilli.fr\/#website\"},\"primaryImageOfPage\":{\"@id\":\"https:\/\/restaurant-felicilli.fr\/?page_id=242#primaryimage\"},\"image\":{\"@id\":\"https:\/\/restaurant-felicilli.fr\/?page_id=242#primaryimage\"},\"thumbnailUrl\":\"https:\/\/restaurant-felicilli.fr\/wp-content\/uploads\/2024\/03\/Carte-Felicilli.png\",\"datePublished\":\"2024-03-20T13:43:28+00:00\",\"dateModified\":\"2024-04-15T15:24:58+00:00\",\"description\":\"Notre carte vari\u00e9e offre une s\u00e9lection all\u00e9chante pour tous les go\u00fbts, des amateurs de salades aux passionn\u00e9s de hamburgers, des...\",\"breadcrumb\":{\"@id\":\"https:\/\/restaurant-felicilli.fr\/?page_id=242#breadcrumb\"},\"inLanguage\":\"fr-FR\",\"potentialAction\":[{\"@type\":\"ReadAction\",\"target\":[\"https:\/\/restaurant-felicilli.fr\/?page_id=242\"]}]},{\"@type\":\"ImageObject\",\"inLanguage\":\"fr-FR\",\"@id\":\"https:\/\/restaurant-felicilli.fr\/?page_id=242#primaryimage\",\"url\":\"https:\/\/restaurant-felicilli.fr\/wp-content\/uploads\/2024\/03\/Carte-Felicilli.png\",\"contentUrl\":\"https:\/\/restaurant-felicilli.fr\/wp-content\/uploads\/2024\/03\/Carte-Felicilli.png\",\"width\":2481,\"height\":3508},{\"@type\":\"BreadcrumbList\",\"@id\":\"https:\/\/restaurant-felicilli.fr\/?page_id=242#breadcrumb\",\"itemListElement\":[{\"@type\":\"ListItem\",\"position\":1,\"name\":\"Accueil\",\"item\":\"https:\/\/restaurant-felicilli.fr\/\"},{\"@type\":\"ListItem\",\"position\":2,\"name\":\"La carte sur place\"}]},{\"@type\":\"WebSite\",\"@id\":\"https:\/\/restaurant-felicilli.fr\/#website\",\"url\":\"https:\/\/restaurant-felicilli.fr\/\",\"name\":\"FELICILLI SECLIN\",\"description\":\"\",\"potentialAction\":[{\"@type\":\"SearchAction\",\"target\":{\"@type\":\"EntryPoint\",\"urlTemplate\":\"https:\/\/restaurant-felicilli.fr\/?s={search_term_string}\"},\"query-input\":{\"@type\":\"PropertyValueSpecification\",\"valueRequired\":true,\"valueName\":\"search_term_string\"}}],\"inLanguage\":\"fr-FR\"}]}<\/script>\n<!-- \/ Yoast SEO plugin. -->","yoast_head_json":{"title":"La carte sur place - FELICILLI SECLIN","description":"Notre carte vari\u00e9e offre une s\u00e9lection all\u00e9chante pour tous les go\u00fbts, des amateurs de salades aux passionn\u00e9s de hamburgers, des...","robots":{"index":"index","follow":"follow","max-snippet":"max-snippet:-1","max-image-preview":"max-image-preview:large","max-video-preview":"max-video-preview:-1"},"canonical":"https:\/\/restaurant-felicilli.fr\/?page_id=242","og_locale":"fr_FR","og_type":"article","og_title":"La carte sur place - FELICILLI SECLIN","og_description":"Notre carte vari\u00e9e offre une s\u00e9lection all\u00e9chante pour tous les go\u00fbts, des amateurs de salades aux passionn\u00e9s de hamburgers, des...","og_url":"https:\/\/restaurant-felicilli.fr\/?page_id=242","og_site_name":"FELICILLI SECLIN","article_modified_time":"2024-04-15T15:24:58+00:00","og_image":[{"width":2481,"height":3508,"url":"https:\/\/restaurant-felicilli.fr\/wp-content\/uploads\/2024\/03\/Carte-Felicilli.png","type":"image\/png"}],"twitter_card":"summary_large_image","twitter_misc":{"Dur\u00e9e de lecture estim\u00e9e":"1 minute"},"schema":{"@context":"https:\/\/schema.org","@graph":[{"@type":"WebPage","@id":"https:\/\/restaurant-felicilli.fr\/?page_id=242","url":"https:\/\/restaurant-felicilli.fr\/?page_id=242","name":"La carte sur place - FELICILLI SECLIN","isPartOf":{"@id":"https:\/\/restaurant-felicilli.fr\/#website"},"primaryImageOfPage":{"@id":"https:\/\/restaurant-felicilli.fr\/?page_id=242#primaryimage"},"image":{"@id":"https:\/\/restaurant-felicilli.fr\/?page_id=242#primaryimage"},"thumbnailUrl":"https:\/\/restaurant-felicilli.fr\/wp-content\/uploads\/2024\/03\/Carte-Felicilli.png","datePublished":"2024-03-20T13:43:28+00:00","dateModified":"2024-04-15T15:24:58+00:00","description":"Notre carte vari\u00e9e offre une s\u00e9lection all\u00e9chante pour tous les go\u00fbts, des amateurs de salades aux passionn\u00e9s de hamburgers, des...","breadcrumb":{"@id":"https:\/\/restaurant-felicilli.fr\/?page_id=242#breadcrumb"},"inLanguage":"fr-FR","potentialAction":[{"@type":"ReadAction","target":["https:\/\/restaurant-felicilli.fr\/?page_id=242"]}]},{"@type":"ImageObject","inLanguage":"fr-FR","@id":"https:\/\/restaurant-felicilli.fr\/?page_id=242#primaryimage","url":"https:\/\/restaurant-felicilli.fr\/wp-content\/uploads\/2024\/03\/Carte-Felicilli.png","contentUrl":"https:\/\/restaurant-felicilli.fr\/wp-content\/uploads\/2024\/03\/Carte-Felicilli.png","width":2481,"height":3508},{"@type":"BreadcrumbList","@id":"https:\/\/restaurant-felicilli.fr\/?page_id=242#breadcrumb","itemListElement":[{"@type":"ListItem","position":1,"name":"Accueil","item":"https:\/\/restaurant-felicilli.fr\/"},{"@type":"ListItem","position":2,"name":"La carte sur place"}]},{"@type":"WebSite","@id":"https:\/\/restaurant-felicilli.fr\/#website","url":"https:\/\/restaurant-felicilli.fr\/","name":"FELICILLI SECLIN","description":"","potentialAction":[{"@type":"SearchAction","target":{"@type":"EntryPoint","urlTemplate":"https:\/\/restaurant-felicilli.fr\/?s={search_term_string}"},"query-input":{"@type":"PropertyValueSpecification","valueRequired":true,"valueName":"search_term_string"}}],"inLanguage":"fr-FR"}]}},"_links":{"self":[{"href":"https:\/\/restaurant-felicilli.fr\/index.php?rest_route=\/wp\/v2\/pages\/242","targetHints":{"allow":["GET"]}}],"collection":[{"href":"https:\/\/restaurant-felicilli.fr\/index.php?rest_route=\/wp\/v2\/pages"}],"about":[{"href":"https:\/\/restaurant-felicilli.fr\/index.php?rest_route=\/wp\/v2\/types\/page"}],"author":[{"embeddable":true,"href":"https:\/\/restaurant-felicilli.fr\/index.php?rest_route=\/wp\/v2\/users\/1"}],"replies":[{"embeddable":true,"href":"https:\/\/restaurant-felicilli.fr\/index.php?rest_route=%2Fwp%2Fv2%2Fcomments&post=242"}],"version-history":[{"count":22,"href":"https:\/\/restaurant-felicilli.fr\/index.php?rest_route=\/wp\/v2\/pages\/242\/revisions"}],"predecessor-version":[{"id":330,"href":"https:\/\/restaurant-felicilli.fr\/index.php?rest_route=\/wp\/v2\/pages\/242\/revisions\/330"}],"wp:featuredmedia":[{"embeddable":true,"href":"https:\/\/restaurant-felicilli.fr\/index.php?rest_route=\/wp\/v2\/media\/240"}],"wp:attachment":[{"href":"https:\/\/restaurant-felicilli.fr\/index.php?rest_route=%2Fwp%2Fv2%2Fmedia&parent=242"}],"curies":[{"name":"wp","href":"https:\/\/api.w.org\/{rel}","templated":true}]}}