{"id":352,"date":"2024-03-27T12:56:46","date_gmt":"2024-03-27T12:56:46","guid":{"rendered":"https:\/\/restaurant-felicilli.fr\/?page_id=352"},"modified":"2024-03-27T13:20:34","modified_gmt":"2024-03-27T13:20:34","slug":"mentions-legales","status":"publish","type":"page","link":"https:\/\/restaurant-felicilli.fr\/?page_id=352","title":{"rendered":"Mentions L\u00e9gales"},"content":{"rendered":"\t\t<div data-elementor-type=\"wp-page\" data-elementor-id=\"352\" class=\"elementor elementor-352\">\n\t\t\t\t\t\t<section class=\"elementor-section elementor-top-section elementor-element elementor-element-663834eb elementor-section-height-min-height elementor-section-full_width elementor-section-stretched elementor-section-height-default elementor-section-items-middle\" data-id=\"663834eb\" data-element_type=\"section\" data-settings=\"{&quot;background_background&quot;:&quot;classic&quot;,&quot;stretch_section&quot;:&quot;section-stretched&quot;}\">\n\t\t\t\t\t\t\t<div class=\"elementor-background-overlay\"><\/div>\n\t\t\t\t\t\t\t<div class=\"elementor-container elementor-column-gap-no\">\n\t\t\t\t\t<div class=\"elementor-column elementor-col-100 elementor-top-column elementor-element elementor-element-3a3466e2\" data-id=\"3a3466e2\" data-element_type=\"column\">\n\t\t\t<div class=\"elementor-widget-wrap elementor-element-populated\">\n\t\t\t\t\t\t<section class=\"elementor-section elementor-inner-section elementor-element elementor-element-22389db3 elementor-section-content-middle elementor-section-boxed elementor-section-height-default elementor-section-height-default\" data-id=\"22389db3\" data-element_type=\"section\">\n\t\t\t\t\t\t<div class=\"elementor-container elementor-column-gap-wider\">\n\t\t\t\t\t<div class=\"elementor-column elementor-col-100 elementor-inner-column elementor-element elementor-element-703fd4ca\" data-id=\"703fd4ca\" data-element_type=\"column\" data-settings=\"{&quot;background_background&quot;:&quot;classic&quot;}\">\n\t\t\t<div class=\"elementor-widget-wrap elementor-element-populated\">\n\t\t\t\t\t\t<div class=\"elementor-element elementor-element-6c485d89 elementor-invisible elementor-widget elementor-widget-heading\" data-id=\"6c485d89\" data-element_type=\"widget\" data-settings=\"{&quot;_animation&quot;:&quot;fadeIn&quot;,&quot;_animation_delay&quot;:100}\" data-widget_type=\"heading.default\">\n\t\t\t\t<div class=\"elementor-widget-container\">\n\t\t\t<h1 class=\"elementor-heading-title elementor-size-default\">Mentions l\u00e9gales<\/h1>\t\t<\/div>\n\t\t\t\t<\/div>\n\t\t\t\t\t<\/div>\n\t\t<\/div>\n\t\t\t\t\t<\/div>\n\t\t<\/section>\n\t\t\t\t\t<\/div>\n\t\t<\/div>\n\t\t\t\t\t<\/div>\n\t\t<\/section>\n\t\t<div class=\"elementor-element elementor-element-7053eb6 e-flex e-con-boxed e-con e-parent\" data-id=\"7053eb6\" data-element_type=\"container\">\n\t\t\t\t\t<div class=\"e-con-inner\">\n\t\t\t\t<div class=\"elementor-element elementor-element-b8e0116 elementor-widget elementor-widget-spacer\" data-id=\"b8e0116\" data-element_type=\"widget\" data-widget_type=\"spacer.default\">\n\t\t\t\t<div class=\"elementor-widget-container\">\n\t\t\t\t\t<div class=\"elementor-spacer\">\n\t\t\t<div class=\"elementor-spacer-inner\"><\/div>\n\t\t<\/div>\n\t\t\t\t<\/div>\n\t\t\t\t<\/div>\n\t\t\t\t<div class=\"elementor-element elementor-element-bfb8617 elementor-widget elementor-widget-text-editor\" data-id=\"bfb8617\" data-element_type=\"widget\" data-widget_type=\"text-editor.default\">\n\t\t\t\t<div class=\"elementor-widget-container\">\n\t\t\t\t\t\t\t<p><strong>\u00c9diteur du site :<\/strong><\/p><p>Le pr\u00e9sent site internet est \u00e9dit\u00e9 par AM DIGIPRO, exploitant le restaurant Felicilli.<\/p><p><strong>Si\u00e8ge Social :<\/strong><\/p><p>Felicilli<br \/>13 boulevard Joseph Hentges<br \/>59113 Seclin<\/p><p><strong>Contact :<\/strong><\/p><p>T\u00e9l\u00e9phone : 03 61 62 88 88<br \/>E-mail : <a target=\"_new\">felicilli.compta@gmail.com<\/a><\/p><p><strong>H\u00e9bergeur :<\/strong><\/p><p>Le site est h\u00e9berg\u00e9 par EvxOnline, dont le si\u00e8ge social est situ\u00e9 au\u00a03 rue de Franche Comt\u00e9 CS 50311 50103 Cherbourg en cotentin.<\/p><p><strong>Propri\u00e9t\u00e9 intellectuelle :<\/strong><\/p><p>Tous les \u00e9l\u00e9ments pr\u00e9sents sur le site, y compris mais sans s&rsquo;y limiter, les textes, les images, les logos, les vid\u00e9os, les graphiques, ainsi que leur mise en forme, sont la propri\u00e9t\u00e9 exclusive de Felicilli, \u00e0 l&rsquo;exception des marques, logos ou contenus appartenant \u00e0 des tiers partenaires.<\/p><p><strong>Protection des donn\u00e9es personnelles :<\/strong><\/p><p>Les donn\u00e9es personnelles collect\u00e9es sur ce site sont destin\u00e9es \u00e0 l&rsquo;usage exclusif de Felicilli. Conform\u00e9ment \u00e0 la loi \u00ab\u00a0Informatique et Libert\u00e9s\u00a0\u00bb du 6 janvier 1978 modifi\u00e9e, vous disposez d&rsquo;un droit d&rsquo;acc\u00e8s, de modification, de rectification et de suppression des donn\u00e9es vous concernant. Pour exercer ce droit, veuillez contacter le responsable du site \u00e0 l&rsquo;adresse e-mail suivante : <a target=\"_new\">felicilli.compta@gmail.com<\/a><\/p><p><strong>Cookies :<\/strong><\/p><p>Ce site utilise des cookies pour am\u00e9liorer votre exp\u00e9rience de navigation. Vous pouvez \u00e0 tout moment configurer votre navigateur pour refuser ces cookies ou \u00eatre inform\u00e9 de leur utilisation. Pour plus d&rsquo;informations sur l&rsquo;utilisation des cookies sur ce site, veuillez consulter notre politique de confidentialit\u00e9.<\/p><p><strong>Responsabilit\u00e9 :<\/strong><\/p><p>Felicilli s&rsquo;efforce de fournir des informations pr\u00e9cises et \u00e0 jour sur ce site, mais ne peut garantir l&rsquo;exactitude, l&rsquo;exhaustivit\u00e9 ou l&rsquo;actualit\u00e9 de ces informations. En cons\u00e9quence, l&rsquo;utilisateur reconna\u00eet utiliser ces informations sous sa responsabilit\u00e9 exclusive.<\/p><p><strong>Modification des mentions l\u00e9gales :<\/strong><\/p><p>Felicilli se r\u00e9serve le droit de modifier \u00e0 tout moment les pr\u00e9sentes mentions l\u00e9gales. Les utilisateurs sont donc invit\u00e9s \u00e0 les consulter r\u00e9guli\u00e8rement.<\/p><p><strong>Derni\u00e8re mise \u00e0 jour :<\/strong><\/p><p>Le 27 Mars 2024.<\/p>\t\t\t\t\t\t<\/div>\n\t\t\t\t<\/div>\n\t\t\t\t\t<\/div>\n\t\t\t\t<\/div>\n\t\t\t\t<\/div>\n\t\t","protected":false},"excerpt":{"rendered":"<p>Mentions l\u00e9gales \u00c9diteur du site : Le pr\u00e9sent site internet est \u00e9dit\u00e9 par AM DIGIPRO, exploitant le restaurant Felicilli. Si\u00e8ge Social : Felicilli13 boulevard Joseph Hentges59113 Seclin Contact : T\u00e9l\u00e9phone : 03 61 62 88 88E-mail : felicilli.compta@gmail.com H\u00e9bergeur : Le site est h\u00e9berg\u00e9 par EvxOnline, dont le si\u00e8ge social est situ\u00e9 au\u00a03 rue de [&hellip;]<\/p>\n","protected":false},"author":1,"featured_media":0,"parent":0,"menu_order":0,"comment_status":"closed","ping_status":"closed","template":"","meta":{"footnotes":""},"class_list":["post-352","page","type-page","status-publish","hentry"],"yoast_head":"<!-- This site is optimized with the Yoast SEO plugin v23.8 - https:\/\/yoast.com\/wordpress\/plugins\/seo\/ -->\n<title>Mentions L\u00e9gales - FELICILLI SECLIN<\/title>\n<meta name=\"robots\" content=\"index, follow, max-snippet:-1, max-image-preview:large, max-video-preview:-1\" \/>\n<link rel=\"canonical\" href=\"https:\/\/restaurant-felicilli.fr\/?page_id=352\" \/>\n<meta property=\"og:locale\" content=\"fr_FR\" \/>\n<meta property=\"og:type\" content=\"article\" \/>\n<meta property=\"og:title\" content=\"Mentions L\u00e9gales - FELICILLI SECLIN\" \/>\n<meta property=\"og:description\" content=\"Mentions l\u00e9gales \u00c9diteur du site : Le pr\u00e9sent site internet est \u00e9dit\u00e9 par AM DIGIPRO, exploitant le restaurant Felicilli. Si\u00e8ge Social : Felicilli13 boulevard Joseph Hentges59113 Seclin Contact : T\u00e9l\u00e9phone : 03 61 62 88 88E-mail : felicilli.compta@gmail.com H\u00e9bergeur : Le site est h\u00e9berg\u00e9 par EvxOnline, dont le si\u00e8ge social est situ\u00e9 au\u00a03 rue de [&hellip;]\" \/>\n<meta property=\"og:url\" content=\"https:\/\/restaurant-felicilli.fr\/?page_id=352\" \/>\n<meta property=\"og:site_name\" content=\"FELICILLI SECLIN\" \/>\n<meta property=\"article:modified_time\" content=\"2024-03-27T13:20:34+00:00\" \/>\n<meta name=\"twitter:card\" content=\"summary_large_image\" \/>\n<meta name=\"twitter:label1\" content=\"Dur\u00e9e de lecture estim\u00e9e\" \/>\n\t<meta name=\"twitter:data1\" content=\"2 minutes\" \/>\n<script type=\"application\/ld+json\" class=\"yoast-schema-graph\">{\"@context\":\"https:\/\/schema.org\",\"@graph\":[{\"@type\":\"WebPage\",\"@id\":\"https:\/\/restaurant-felicilli.fr\/?page_id=352\",\"url\":\"https:\/\/restaurant-felicilli.fr\/?page_id=352\",\"name\":\"Mentions L\u00e9gales - FELICILLI SECLIN\",\"isPartOf\":{\"@id\":\"https:\/\/restaurant-felicilli.fr\/#website\"},\"datePublished\":\"2024-03-27T12:56:46+00:00\",\"dateModified\":\"2024-03-27T13:20:34+00:00\",\"breadcrumb\":{\"@id\":\"https:\/\/restaurant-felicilli.fr\/?page_id=352#breadcrumb\"},\"inLanguage\":\"fr-FR\",\"potentialAction\":[{\"@type\":\"ReadAction\",\"target\":[\"https:\/\/restaurant-felicilli.fr\/?page_id=352\"]}]},{\"@type\":\"BreadcrumbList\",\"@id\":\"https:\/\/restaurant-felicilli.fr\/?page_id=352#breadcrumb\",\"itemListElement\":[{\"@type\":\"ListItem\",\"position\":1,\"name\":\"Accueil\",\"item\":\"https:\/\/restaurant-felicilli.fr\/\"},{\"@type\":\"ListItem\",\"position\":2,\"name\":\"Mentions L\u00e9gales\"}]},{\"@type\":\"WebSite\",\"@id\":\"https:\/\/restaurant-felicilli.fr\/#website\",\"url\":\"https:\/\/restaurant-felicilli.fr\/\",\"name\":\"FELICILLI SECLIN\",\"description\":\"\",\"potentialAction\":[{\"@type\":\"SearchAction\",\"target\":{\"@type\":\"EntryPoint\",\"urlTemplate\":\"https:\/\/restaurant-felicilli.fr\/?s={search_term_string}\"},\"query-input\":{\"@type\":\"PropertyValueSpecification\",\"valueRequired\":true,\"valueName\":\"search_term_string\"}}],\"inLanguage\":\"fr-FR\"}]}<\/script>\n<!-- \/ Yoast SEO plugin. -->","yoast_head_json":{"title":"Mentions L\u00e9gales - FELICILLI SECLIN","robots":{"index":"index","follow":"follow","max-snippet":"max-snippet:-1","max-image-preview":"max-image-preview:large","max-video-preview":"max-video-preview:-1"},"canonical":"https:\/\/restaurant-felicilli.fr\/?page_id=352","og_locale":"fr_FR","og_type":"article","og_title":"Mentions L\u00e9gales - FELICILLI SECLIN","og_description":"Mentions l\u00e9gales \u00c9diteur du site : Le pr\u00e9sent site internet est \u00e9dit\u00e9 par AM DIGIPRO, exploitant le restaurant Felicilli. Si\u00e8ge Social : Felicilli13 boulevard Joseph Hentges59113 Seclin Contact : T\u00e9l\u00e9phone : 03 61 62 88 88E-mail : felicilli.compta@gmail.com H\u00e9bergeur : Le site est h\u00e9berg\u00e9 par EvxOnline, dont le si\u00e8ge social est situ\u00e9 au\u00a03 rue de [&hellip;]","og_url":"https:\/\/restaurant-felicilli.fr\/?page_id=352","og_site_name":"FELICILLI SECLIN","article_modified_time":"2024-03-27T13:20:34+00:00","twitter_card":"summary_large_image","twitter_misc":{"Dur\u00e9e de lecture estim\u00e9e":"2 minutes"},"schema":{"@context":"https:\/\/schema.org","@graph":[{"@type":"WebPage","@id":"https:\/\/restaurant-felicilli.fr\/?page_id=352","url":"https:\/\/restaurant-felicilli.fr\/?page_id=352","name":"Mentions L\u00e9gales - FELICILLI SECLIN","isPartOf":{"@id":"https:\/\/restaurant-felicilli.fr\/#website"},"datePublished":"2024-03-27T12:56:46+00:00","dateModified":"2024-03-27T13:20:34+00:00","breadcrumb":{"@id":"https:\/\/restaurant-felicilli.fr\/?page_id=352#breadcrumb"},"inLanguage":"fr-FR","potentialAction":[{"@type":"ReadAction","target":["https:\/\/restaurant-felicilli.fr\/?page_id=352"]}]},{"@type":"BreadcrumbList","@id":"https:\/\/restaurant-felicilli.fr\/?page_id=352#breadcrumb","itemListElement":[{"@type":"ListItem","position":1,"name":"Accueil","item":"https:\/\/restaurant-felicilli.fr\/"},{"@type":"ListItem","position":2,"name":"Mentions L\u00e9gales"}]},{"@type":"WebSite","@id":"https:\/\/restaurant-felicilli.fr\/#website","url":"https:\/\/restaurant-felicilli.fr\/","name":"FELICILLI SECLIN","description":"","potentialAction":[{"@type":"SearchAction","target":{"@type":"EntryPoint","urlTemplate":"https:\/\/restaurant-felicilli.fr\/?s={search_term_string}"},"query-input":{"@type":"PropertyValueSpecification","valueRequired":true,"valueName":"search_term_string"}}],"inLanguage":"fr-FR"}]}},"_links":{"self":[{"href":"https:\/\/restaurant-felicilli.fr\/index.php?rest_route=\/wp\/v2\/pages\/352","targetHints":{"allow":["GET"]}}],"collection":[{"href":"https:\/\/restaurant-felicilli.fr\/index.php?rest_route=\/wp\/v2\/pages"}],"about":[{"href":"https:\/\/restaurant-felicilli.fr\/index.php?rest_route=\/wp\/v2\/types\/page"}],"author":[{"embeddable":true,"href":"https:\/\/restaurant-felicilli.fr\/index.php?rest_route=\/wp\/v2\/users\/1"}],"replies":[{"embeddable":true,"href":"https:\/\/restaurant-felicilli.fr\/index.php?rest_route=%2Fwp%2Fv2%2Fcomments&post=352"}],"version-history":[{"count":28,"href":"https:\/\/restaurant-felicilli.fr\/index.php?rest_route=\/wp\/v2\/pages\/352\/revisions"}],"predecessor-version":[{"id":388,"href":"https:\/\/restaurant-felicilli.fr\/index.php?rest_route=\/wp\/v2\/pages\/352\/revisions\/388"}],"wp:attachment":[{"href":"https:\/\/restaurant-felicilli.fr\/index.php?rest_route=%2Fwp%2Fv2%2Fmedia&parent=352"}],"curies":[{"name":"wp","href":"https:\/\/api.w.org\/{rel}","templated":true}]}}